{"id":3569,"date":"2016-12-01T13:14:44","date_gmt":"2016-12-01T13:14:44","guid":{"rendered":"http:\/\/vinaria.md\/?page_id=3569"},"modified":"2018-04-11T15:59:41","modified_gmt":"2018-04-11T13:59:41","slug":"impartaseste","status":"publish","type":"page","link":"https:\/\/vinaria.md\/zh-hans\/impartaseste\/","title":{"rendered":"\u5206\u4eab"},"content":{"rendered":"<div class=\"be-section  impart       clearfix\" data-headerscheme=\"background--light\" style=\" \"  ><div class=\"be-section-pad clearfix \" style=\" padding-top:40px;padding-bottom:90px;\" data-padding-top = \"40\"><div  class=\"be-row be-wrap clearfix \"><div  class=\"one-col column-block clearfix  no-background    \" data-animation=\"\" style=\"  \"><div class=\"be-custom-column-inner\"><div class=\"special-heading-wrap style1 0\" data-animation=\"fadeIn\"><div class=\"special-heading align-center\"><h5 class=\"special-h-tag\" style=\"color: \">\u8461\u8404\u9152 - \u5171\u4eab\u7684\u827a\u672f<\/h5><hr class=\"separator margin-bottom \" style=\"background-color:#e8e8e8;border-color:#e8e8e8;color:#e8e8e8;height:2px;width:40px;\" \/><\/div><\/div><div class=\"special-subtitle-wrap  0\" style=\"margin-bottom: 60px;\" data-animation=\"fadeIn\"><div class=\"align-center\"><span class=\"special-subtitle\" style=\"color: #7c7c7c; font-size: 18px ; width: 100%\" >Continu\u0103m s\u0103 perpetu\u0103m frumos cele mai nobile \u00eemp\u0103rt\u0103\u0219iri, talente \u0219i pasiuni al\u0103turi de noua Gam\u0103 Premium: Feteasca Neagr\u0103, Cupaj Chardonnay &amp; Feteasc\u0103 Alb\u0103 \u0219i CODRU. Implica\u021bi \u00eentr-un dialog artistic de la Filarmonica Na\u021bional\u0103 \u201cSerghei Lunchevici\u201d, interpreta Tania Cerga \u0219i tenorul Mihail Munteanu se delecteaz\u0103 cu cel mai proeminent soi autohton - Feteasca Neagr\u0103. Pentru c\u0103 lucrurile cele mai vrednice de a fi \u00eemp\u0103rt\u0103\u0219ite sunt cele pe care le faci mai bine.<\/span><\/div><\/div><p><img class=\"aligncenter wp-image-3896 size-full\" src=\"http:\/\/vinaria.md\/wp-content\/uploads\/2016\/12\/VDV_Photo_r_edited.jpg\" alt=\"\" width=\"1500\" height=\"947\"><\/p>\n<div class=\"special-subtitle-wrap  0\" style=\"margin-bottom: 60px;\" data-animation=\"fadeIn\"><div class=\"align-center\"><span class=\"special-subtitle\" style=\"color: #7c7c7c; font-size: 18px ; width: 100%\" >Pentru c\u0103 lucrurile cele mai vrednice de a fi \u00eemp\u0103rt\u0103\u0219ite sunt cele pe care le faci mai bine.<\/span><\/div><\/div><\/div><\/div><\/div><\/div><\/div>","protected":false},"excerpt":{"rendered":"<p>\u8461\u8404\u9152 &#8211; \u5171\u4eab\u7684\u827a\u672fContinu\u0103m s\u0103 perpet [&hellip;]<\/p>\n<p><a href=\"https:\/\/vinaria.md\/zh-hans\/impartaseste\/\" class=\"more-link style2-button\">Read More<\/a><\/p>","protected":false},"author":1,"featured_media":0,"parent":0,"menu_order":0,"comment_status":"closed","ping_status":"closed","template":"","meta":[],"_links":{"self":[{"href":"https:\/\/vinaria.md\/zh-hans\/wp-json\/wp\/v2\/pages\/3569"}],"collection":[{"href":"https:\/\/vinaria.md\/zh-hans\/wp-json\/wp\/v2\/pages"}],"about":[{"href":"https:\/\/vinaria.md\/zh-hans\/wp-json\/wp\/v2\/types\/page"}],"author":[{"embeddable":true,"href":"https:\/\/vinaria.md\/zh-hans\/wp-json\/wp\/v2\/users\/1"}],"replies":[{"embeddable":true,"href":"https:\/\/vinaria.md\/zh-hans\/wp-json\/wp\/v2\/comments?post=3569"}],"version-history":[{"count":0,"href":"https:\/\/vinaria.md\/zh-hans\/wp-json\/wp\/v2\/pages\/3569\/revisions"}],"wp:attachment":[{"href":"https:\/\/vinaria.md\/zh-hans\/wp-json\/wp\/v2\/media?parent=3569"}],"curies":[{"name":"wp","href":"https:\/\/api.w.org\/{rel}","templated":true}]}}